{"id":1237,"date":"2020-10-29T13:10:19","date_gmt":"2021-11-05T10:52:05","guid":{"rendered":"https:\/\/www.makosh.si\/izdelek\/equilibrium-lavender-neroli-2\/"},"modified":"2021-11-05T11:52:05","modified_gmt":"2021-11-05T10:52:05","slug":"equilibrium-lavender-neroli-2-2","status":"publish","type":"product","link":"https:\/\/www.makosh.si\/en\/izdelek\/equilibrium-lavender-neroli-2-2\/","title":{"rendered":"EQUILIBRIUM Lavender &amp; Neroli"},"content":{"rendered":"<p><strong>Mind and Emotion<\/strong><\/p>\n<p>Calming, antistress, sadative, harmonizing. Uses: stress, nervousness, anger, anxiety, insomnia.<\/p>\n<p><strong>The concenpt of a Room Mist<\/strong><\/p>\n<p>The scent takes us to another place in a moment. It is the invisible design in our home, that changes the vibration and feeling of the space. Embrace the power of scent and create a fresh look in your home, improve the well-being of the whole family and create pleasant memories of shared moments.<\/p>\n<p>With Makosh Room Mist you will bring the scent of nature into your home and improve the quality of air. You will freshen the scent of your home and neutralize unpleasant odors.<\/p>\n<p><strong>Ingredients<\/strong><\/p>\n<p>100 % natural product, in a base of natural alcohol and neroli hydrosol.<\/p>\n","protected":false},"excerpt":{"rendered":"<p>Subtilna botani\u010dna esenca v tvojem domu v hipu pri\u010dara vonj cveto\u010dega Mediterana. Synergy of essential oils of lavender, neroli and red mandarin creates a feeling of inner peaxe and mystical equilibrium. A ticket to an unforgettable experience of all senses!<\/p>\n<p><em>Major notes:<\/em> lavender, red mandarin, petitgrain bigarde as a top note, neroli and roman chamomile as a mid note, benzoin, copaiba and vetiver as a base note<\/p>\n<p><em>Scent:<\/em> fresh, floral, citrus, herbal, with soft woody undertones<\/p>\n<p><em>Element:<\/em> water<\/p>\n<p>&nbsp;<\/p>\n","protected":false},"featured_media":1196,"template":"","meta":[],"product_cat":[45],"product_tag":[],"acf":[],"_links":{"self":[{"href":"https:\/\/www.makosh.si\/en\/wp-json\/wp\/v2\/product\/1237"}],"collection":[{"href":"https:\/\/www.makosh.si\/en\/wp-json\/wp\/v2\/product"}],"about":[{"href":"https:\/\/www.makosh.si\/en\/wp-json\/wp\/v2\/types\/product"}],"wp:featuredmedia":[{"embeddable":true,"href":"https:\/\/www.makosh.si\/en\/wp-json\/wp\/v2\/media\/1196"}],"wp:attachment":[{"href":"https:\/\/www.makosh.si\/en\/wp-json\/wp\/v2\/media?parent=1237"}],"wp:term":[{"taxonomy":"product_cat","embeddable":true,"href":"https:\/\/www.makosh.si\/en\/wp-json\/wp\/v2\/product_cat?post=1237"},{"taxonomy":"product_tag","embeddable":true,"href":"https:\/\/www.makosh.si\/en\/wp-json\/wp\/v2\/product_tag?post=1237"}],"curies":[{"name":"wp","href":"https:\/\/api.w.org\/{rel}","templated":true}]}}